{"id":8094,"date":"2025-01-28T21:13:30","date_gmt":"2025-01-28T21:13:30","guid":{"rendered":"https:\/\/kronberg-eg.com\/property-consultant\/"},"modified":"2025-04-07T02:19:56","modified_gmt":"2025-04-07T02:19:56","slug":"property-consultant","status":"publish","type":"page","link":"https:\/\/kronberg-eg.com\/de\/property-consultant\/","title":{"rendered":"Immobilienberater"},"content":{"rendered":"\t\t<div data-elementor-type=\"wp-page\" data-elementor-id=\"8094\" class=\"elementor elementor-8094 elementor-7448\" data-elementor-post-type=\"page\">\n\t\t\t\t\t\t<section class=\"elementor-section elementor-top-section elementor-element elementor-element-96e3736 elementor-section-boxed elementor-section-height-default elementor-section-height-default\" data-id=\"96e3736\" data-element_type=\"section\" data-e-type=\"section\" data-settings=\"{&quot;background_background&quot;:&quot;classic&quot;}\">\n\t\t\t\t\t\t\t<div class=\"elementor-background-overlay\"><\/div>\n\t\t\t\t\t\t\t<div class=\"elementor-container elementor-column-gap-default\">\n\t\t\t\t\t<div class=\"elementor-column elementor-col-100 elementor-top-column elementor-element elementor-element-8fd0afc\" data-id=\"8fd0afc\" data-element_type=\"column\" data-e-type=\"column\">\n\t\t\t<div class=\"elementor-widget-wrap elementor-element-populated\">\n\t\t\t\t\t\t<section class=\"elementor-section elementor-inner-section elementor-element elementor-element-c10e93b elementor-section-boxed elementor-section-height-default elementor-section-height-default\" data-id=\"c10e93b\" data-element_type=\"section\" data-e-type=\"section\">\n\t\t\t\t\t\t<div class=\"elementor-container elementor-column-gap-default\">\n\t\t\t\t\t<div class=\"elementor-column elementor-col-100 elementor-inner-column elementor-element elementor-element-09a0888\" data-id=\"09a0888\" data-element_type=\"column\" data-e-type=\"column\">\n\t\t\t<div class=\"elementor-widget-wrap elementor-element-populated\">\n\t\t\t\t\t\t<div class=\"elementor-element elementor-element-8f34a48 elementor-widget elementor-widget-hub_fancy_heading\" data-id=\"8f34a48\" data-element_type=\"widget\" data-e-type=\"widget\" data-widget_type=\"hub_fancy_heading.default\">\n\t\t\t\t<div class=\"elementor-widget-container\">\n\t\t\t\t\t\n\t\t<div id=\"ld-fancy-heading-69f46dc7ad1c2\" class=\"ld-fancy-heading pos-rel\">\n\t\t\t<h1 class=\"ld-fh-element d-inline-block pos-rel  elementor-heading-title lqd-highlight-classic lqd-highlight-grow-left h1\"  > Immobilienberater<\/h1>\t\t<\/div>\n\n\t\t\t\t\t\t<\/div>\n\t\t\t\t<\/div>\n\t\t\t\t\t<\/div>\n\t\t<\/div>\n\t\t\t\t\t<\/div>\n\t\t<\/section>\n\t\t\t\t\t<\/div>\n\t\t<\/div>\n\t\t\t\t\t<\/div>\n\t\t<\/section>\n\t\t<div class=\"elementor-element elementor-element-de00415 e-flex e-con-boxed e-con e-parent\" data-id=\"de00415\" data-element_type=\"container\" data-e-type=\"container\">\n\t\t\t\t\t<div class=\"e-con-inner\">\n\t\t<div class=\"elementor-element elementor-element-420a1f3 e-con-full e-flex e-con e-child\" data-id=\"420a1f3\" data-element_type=\"container\" data-e-type=\"container\">\n\t\t\t\t<div class=\"elementor-element elementor-element-10d0359 elementor-widget elementor-widget-hub_fancy_heading\" data-id=\"10d0359\" data-element_type=\"widget\" data-e-type=\"widget\" data-widget_type=\"hub_fancy_heading.default\">\n\t\t\t\t<div class=\"elementor-widget-container\">\n\t\t\t\t\t\n\t\t<div id=\"ld-fancy-heading-69f46dc7aea73\" class=\"ld-fancy-heading pos-rel\">\n\t\t\t<h2 class=\"ld-fh-element d-inline-block pos-rel  elementor-heading-title lqd-highlight-classic lqd-highlight-grow-left h2\"  > Schicken Sie uns ihren <span style=\"font-family: Playfair Display, palatino, serif;font-weight: bold\"><em>Lebenslauf.<\/em><\/span><\/h2>\t\t<\/div>\n\n\t\t\t\t\t\t<\/div>\n\t\t\t\t<\/div>\n\t\t\t\t<div class=\"elementor-element elementor-element-69cf0a2 elementor-widget elementor-widget-text-editor\" data-id=\"69cf0a2\" data-element_type=\"widget\" data-e-type=\"widget\" data-widget_type=\"text-editor.default\">\n\t\t\t\t<div class=\"elementor-widget-container\">\n\t\t\t\t\t\t\t\t\t<p><b>Jobbeschreibung:<\/b><span style=\"font-weight: 400;\">\u00a0<\/span><\/p><p><span style=\"font-weight: 400;\">Als Immobilienberater fungieren Sie als vertrauensw\u00fcrdiger Berater f\u00fcr Kunden und begleiten diese auf dem Weg zum Immobilienkauf. Sie spielen eine wichtige Rolle bei der Pr\u00e4sentation der exklusiven Wohnprojekte von Kronberg, dem Erreichen ehrgeiziger Verkaufsziele und dem Aufbau langfristiger Kundenbeziehungen.\u00a0<\/span><\/p><p><b>Hauptaufgaben:<\/b><span style=\"font-weight: 400;\">\u00a0<\/span><\/p><ul><li style=\"font-weight: 400;\" aria-level=\"1\"><span style=\"font-weight: 400;\">Pr\u00e4sentieren Sie potenziellen K\u00e4ufern die Projekte von Kronberg mit detaillierten und genauen Informationen.\u00a0<\/span><\/li><li style=\"font-weight: 400;\" aria-level=\"1\"><span style=\"font-weight: 400;\">Erreichen oder \u00fcbertreffen Sie vordefinierte monatliche und viertelj\u00e4hrliche Umsatzziele.\u00a0<\/span><\/li><li style=\"font-weight: 400;\" aria-level=\"1\"><span style=\"font-weight: 400;\">Verhandeln und schlie\u00dfen Sie Verkaufsgesch\u00e4fte erfolgreich ab, um die Kundenzufriedenheit sicherzustellen.\u00a0<\/span><\/li><li style=\"font-weight: 400;\" aria-level=\"1\"><span style=\"font-weight: 400;\">Generieren Sie proaktiv Anfragen durch Netzwerken, Empfehlungen und Branchenveranstaltungen.\u00a0<\/span><\/li><li style=\"font-weight: 400;\" aria-level=\"1\"><span style=\"font-weight: 400;\">Bleiben Sie \u00fcber Markttrends, Immobilienwerte und wettbewerbsf\u00e4hige Angebote auf dem Laufenden.\u00a0<\/span><\/li><li style=\"font-weight: 400;\" aria-level=\"1\"><span style=\"font-weight: 400;\">Bauen Sie starke Kundenbeziehungen auf und pflegen Sie diese, indem Sie die Kundenbed\u00fcrfnisse verstehen und darauf eingehen.\u00a0<\/span><\/li><li style=\"font-weight: 400;\" aria-level=\"1\"><span style=\"font-weight: 400;\">Bieten Sie fachkundige Beratung bei der Immobilienbewertung und -verhandlung.\u00a0<\/span><\/li><li style=\"font-weight: 400;\" aria-level=\"1\"><span style=\"font-weight: 400;\">Verwalten Sie alle Aspekte des Verkaufsprozesses, von der Pr\u00e4sentation bis zum Vertragsabschluss.<\/span><\/li><\/ul><p><b>Anforderungen:<\/b><span style=\"font-weight: 400;\">\u00a0<\/span><\/p><ul><li style=\"font-weight: 400;\" aria-level=\"1\"><span style=\"font-weight: 400;\">Mindestens 2 Jahre Erfahrung und Erfolg im Immobilienverkauf\u00a0<\/span><\/li><li style=\"font-weight: 400;\" aria-level=\"1\"><span style=\"font-weight: 400;\">Flie\u00dfende Englischkenntnisse (zwingend erforderlich) <\/span><\/li><li style=\"font-weight: 400;\" aria-level=\"1\"><span style=\"font-weight: 400;\">Flie\u00dfende Deutsch- oder Russischkenntnisse (von Vorteil)\u00a0<\/span><\/li><li style=\"font-weight: 400;\" aria-level=\"1\"><span style=\"font-weight: 400;\">Ausgepr\u00e4gte Kenntnisse des Immobilienmarktes in Hurghada\u00a0<\/span><\/li><li style=\"font-weight: 400;\" aria-level=\"1\"><span style=\"font-weight: 400;\">Kommunikations- und Verhandlungsgeschick\u00a0<\/span><\/li><li style=\"font-weight: 400;\" aria-level=\"1\"><span style=\"font-weight: 400;\">Ein Kundenorientierter Ansatz, langfristige Beziehungen aufzubauen\u00a0<\/span><\/li><li style=\"font-weight: 400;\" aria-level=\"1\"><span style=\"font-weight: 400;\">Professionelle und ergebnisorientierte Arbeitsweise sowie Organisationsf\u00e4higkeit\u00a0<\/span><\/li><li style=\"font-weight: 400;\" aria-level=\"1\"><span style=\"font-weight: 400;\">Teamf\u00e4higkeit und gute Umgangsformen<\/span><\/li><\/ul><p><b>Bevorzugte Qualifikationen:<\/b><\/p><ul><li style=\"font-weight: 400;\" aria-level=\"1\"><span style=\"font-weight: 400;\">Erfahrung mit CRM-Systemen f\u00fcr die Verwaltung von Anfragen und Nachverfolgung der Kontakte\u00a0<\/span><\/li><li style=\"font-weight: 400;\" aria-level=\"1\"><span style=\"font-weight: 400;\">Vertrautheit im Umgang mit internationalen Kunden und deren Bed\u00fcrfnissen\u00a0<\/span><\/li><li style=\"font-weight: 400;\" aria-level=\"1\"><span style=\"font-weight: 400;\">Verst\u00e4ndnis und Vertrautheit mit internationalen Luxusstandards<\/span><\/li><\/ul><p>\u00a0<\/p><p><b>Warum Sie sich uns anschliessen sollten<\/b><\/p><p><span style=\"font-weight: 400;\"> Bei Kronberg werden Sie Teil eines internationalen, innovativen Teams und leisten einen Beitrag, luxuri\u00f6ses Wohnen in Hurghada neu zu definieren. Wir bieten:<\/span><\/p><ul><li style=\"font-weight: 400;\" aria-level=\"1\"><span style=\"font-weight: 400;\">Eine kooperative Arbeitsatmosph\u00e4re in der Zusammenhalt und Kooperation gelebt werden\u00a0<\/span><\/li><li style=\"font-weight: 400;\" aria-level=\"1\"><span style=\"font-weight: 400;\">Ein moderner Arbeitsplatz nach internationalen Standards\u00a0<\/span><\/li><li style=\"font-weight: 400;\" aria-level=\"1\"><span style=\"font-weight: 400;\">Eine \u00fcberdurchschnittliche Gehalts- und Provisionsstruktur mit leistungsabh\u00e4ngigen Boni\u00a0<\/span><\/li><li style=\"font-weight: 400;\" aria-level=\"1\"><span style=\"font-weight: 400;\">M\u00f6glichkeiten zur beruflichen Weiterentwicklung und pers\u00f6nlicher Selbstverwirklichung<\/span><\/li><\/ul><p><b>Bewerben Sie sich jetzt und begleiten Sie uns auf dieser aufregenden Reise.<\/b><\/p>\t\t\t\t\t\t\t\t<\/div>\n\t\t\t\t<\/div>\n\t\t\t\t<\/div>\n\t\t<div class=\"elementor-element elementor-element-9b7de86 e-con-full e-flex e-con e-child\" data-id=\"9b7de86\" data-element_type=\"container\" data-e-type=\"container\">\n\t\t\t\t<div class=\"elementor-element elementor-element-1a5774d elementor-widget elementor-widget-formidable\" data-id=\"1a5774d\" data-element_type=\"widget\" data-e-type=\"widget\" data-widget_type=\"formidable.default\">\n\t\t\t\t<div class=\"elementor-widget-container\">\n\t\t\t\t\t<div class=\"frm_forms  with_frm_style frm_style_formidable-style\" id=\"frm_form_6_container\" data-token=\"8b6e2695385d2a25c96c9a2ec35f2c30\">\n<form enctype=\"multipart\/form-data\" method=\"post\" class=\"frm-show-form  frm_pro_form \" id=\"form_job-application3\" data-token=\"8b6e2695385d2a25c96c9a2ec35f2c30\">\n<div class=\"frm_form_fields \">\n<fieldset>\n<legend class=\"frm_screen_reader\">Job Application de<\/legend>\r\n\r\n<div class=\"frm_fields_container\">\n<input type=\"hidden\" name=\"frm_action\" value=\"create\" \/>\n<input type=\"hidden\" name=\"form_id\" value=\"6\" \/>\n<input type=\"hidden\" name=\"frm_hide_fields_6\" id=\"frm_hide_fields_6\" value=\"\" \/>\n<input type=\"hidden\" name=\"form_key\" value=\"job-application3\" \/>\n<input type=\"hidden\" name=\"item_meta[0]\" value=\"\" \/>\n<input type=\"hidden\" id=\"frm_submit_entry_6\" name=\"frm_submit_entry_6\" value=\"b5e3f55e3d\" \/><input type=\"hidden\" name=\"_wp_http_referer\" value=\"\/de\/wp-json\/wp\/v2\/pages\/8094\" \/><div id=\"frm_field_44_container\" class=\"frm_form_field form-field  frm_required_field frm_top_container frm_first frm_half\">\r\n    <label for=\"field_x1dzdf3\" class=\"frm_primary_label\">Name\r\n        <span class=\"frm_required\">*<\/span>\r\n    <\/label>\r\n    <input type=\"text\" id=\"field_x1dzdf3\" name=\"item_meta[44]\" value=\"\"  data-reqmsg=\"Name cannot be blank.\" aria-required=\"true\" data-invmsg=\"Name is invalid\" aria-invalid=\"false\"   aria-describedby=\"frm_desc_field_x1dzdf3\"\/>\r\n    <div class=\"frm_description\" id=\"frm_desc_field_x1dzdf3\">Vorname <\/div>\r\n    \r\n<\/div>\n<div id=\"frm_field_45_container\" class=\"frm_form_field form-field  frm_required_field frm_hidden_container frm_half\">\r\n    <label for=\"field_57mz9h3\" class=\"frm_primary_label\">Last\r\n        <span class=\"frm_required\">*<\/span>\r\n    <\/label>\r\n    <input type=\"text\" id=\"field_57mz9h3\" name=\"item_meta[45]\" value=\"\"  data-reqmsg=\"Last cannot be blank.\" aria-required=\"true\" data-invmsg=\"Last is invalid\" aria-invalid=\"false\"   aria-describedby=\"frm_desc_field_57mz9h3\"\/>\r\n    <div class=\"frm_description\" id=\"frm_desc_field_57mz9h3\">Nachname<\/div>\r\n    \r\n<\/div>\n<div id=\"frm_field_46_container\" class=\"frm_form_field form-field  frm_required_field frm_top_container frm6 frm_first\">\r\n    <label for=\"field_7df6al3\" class=\"frm_primary_label\">Email\r\n        <span class=\"frm_required\">*<\/span>\r\n    <\/label>\r\n    <input type=\"email\" id=\"field_7df6al3\" name=\"item_meta[46]\" value=\"\"  data-reqmsg=\"Email cannot be blank.\" aria-required=\"true\" data-invmsg=\"Please enter a valid email address\" aria-invalid=\"false\"  \/>\r\n    \r\n    \r\n<\/div>\n<div id=\"frm_field_47_container\" class=\"frm_form_field form-field  frm_required_field frm_top_container frm6\">\r\n    <label for=\"field_24gocg3\" class=\"frm_primary_label\">Mobil\r\n        <span class=\"frm_required\">*<\/span>\r\n    <\/label>\r\n    <input type=\"tel\" id=\"field_24gocg3\" name=\"item_meta[47]\" value=\"\"  data-reqmsg=\"Mobil cannot be blank.\" aria-required=\"true\" data-invmsg=\"Mobil is invalid\" aria-invalid=\"false\" pattern=\"((\\+\\d{1,3}(-|.| )?\\(?\\d\\)?(-| |.)?\\d{1,5})|(\\(?\\d{2,6}\\)?))(-|.| )?(\\d{3,4})(-|.| )?(\\d{4})(( x| ext)\\d{1,5}){0,1}$\"  \/>\r\n    \r\n    \r\n<\/div>\n<div id=\"frm_field_48_container\" class=\"frm_form_field form-field  frm_required_field frm_top_container\">\r\n    <label for=\"field_pjluad3\" class=\"frm_primary_label\">Anhang beif\u00fcgen\r\n        <span class=\"frm_required\">*<\/span>\r\n    <\/label>\r\n    <input type=\"hidden\"  data-reqmsg=\"Anhang beif\u00fcgen cannot be blank.\" data-invmsg=\"Anhang beif\u00fcgen is invalid\" class=\"auto_width\" aria-invalid=\"false\"   name=\"item_meta[48]\"  data-reqmsg=\"Anhang beif\u00fcgen cannot be blank.\"  value=\"\" data-frmfile=\"48\" \/>\n\n<div class=\"frm_dropzone frm_single_upload frm_clearfix\" id=\"file48_dropzone\" role=\"group\" >\n\t<div class=\"fallback\">\n\t\t<input type=\"file\" name=\"file48\" id=\"field_pjluad3\"\n\t\t\t data-reqmsg=\"Anhang beif\u00fcgen cannot be blank.\" data-invmsg=\"Anhang beif\u00fcgen is invalid\" class=\"auto_width\" aria-invalid=\"false\"  \t\t\t\/>\n\t\t\t\t<div class=\"frm_clearfix \"><\/div>\n\t<\/div>\n\t<div class=\"dz-message needsclick\">\n\t\t\t\t<svg  viewBox=\"0 0 18 18\" class=\"frmsvg frm-svg-icon\">\n\t<path viewBox=\"0 0 18 18\" fill-rule=\"evenodd\" clip-rule=\"evenodd\" d=\"M8.2 4v8a.8.8 0 001.5 0V4l2.1 2.2A.7.7 0 1013 5L9.5 1.7a.7.7 0 00-1.1 0L5.1 5.2a.8.8 0 001 1l2.1-2zm7.6 4.3c.4 0 .7.3.7.7v6.8c0 .4-.3.7-.8.7H2.3a.8.8 0 01-.8-.8V9A.8.8 0 013 9v6h12V9c0-.4.3-.8.8-.8z\"><\/path>\n<\/svg>\t\t<span class=\"frm_upload_text\"><button type=\"button\" aria-label=\"Anhang beif\u00fcgen. Drop a file here or click to upload. Maximale Dateigr\u00f6\u00dfe: 10MB\">Drop a file here or click to upload<\/button><\/span>\n\t\t<span class=\"frm_compact_text\"><button type=\"button\" aria-label=\"Anhang beif\u00fcgen. Choose File. Maximale Dateigr\u00f6\u00dfe: 10MB\">Choose File<\/button><\/span>\n\t\t<div class=\"frm_small_text\">\n\t\t\t<p>Maximale Dateigr\u00f6\u00dfe: 10MB<\/p>\n\t\t<\/div>\n\t<\/div>\n<\/div>\n\t\r\n    \r\n    \r\n<\/div>\n<div id=\"frm_field_49_container\" class=\"frm_form_field form-field \">\r\n\t<div class=\"frm_submit\">\r\n\r\n<button class=\"frm_button_submit frm_final_submit\" type=\"submit\"  formnovalidate=\"formnovalidate\">Absenden<\/button>\r\n\r\n<\/div>\r\n<\/div>\n\t<input type=\"hidden\" name=\"item_key\" value=\"\" \/>\n\t\t\t<div id=\"frm_field_59_container\">\n\t\t\t<label for=\"field_oqql5\" >\n\t\t\t\tFalls Du menschlich bist, lasse dieses Feld leer.\t\t\t<\/label>\n\t\t\t<input  id=\"field_oqql5\" type=\"text\" class=\"frm_form_field form-field frm_verify\" name=\"item_meta[59]\" value=\"\"  \/>\n\t\t<\/div>\n\t\t<input name=\"frm_state\" type=\"hidden\" value=\"ZVwR+dSg\/CXCR\/RRu6IWL3sV5qUwlrSNzEhdfv83HtCEWFYH4jJOF08LFw6V1BOK\" \/><\/div>\n<\/fieldset>\n<\/div>\n\n<\/form>\n<\/div>\n\t\t\t\t<\/div>\n\t\t\t\t<\/div>\n\t\t\t\t<\/div>\n\t\t\t\t\t<\/div>\n\t\t\t\t<\/div>\n\t\t\t\t<\/div>\n\t\t","protected":false},"excerpt":{"rendered":"<p>Immobilienberater Schicken Sie uns ihren Lebenslauf. Jobbeschreibung:\u00a0 Als Immobilienberater fungieren Sie als vertrauensw\u00fcrdiger Berater f\u00fcr Kunden und begleiten diese auf dem Weg zum Immobilienkauf. Sie spielen eine wichtige Rolle bei der Pr\u00e4sentation der exklusiven Wohnprojekte von Kronberg, dem Erreichen ehrgeiziger Verkaufsziele und dem Aufbau langfristiger Kundenbeziehungen.\u00a0 Hauptaufgaben:\u00a0 Pr\u00e4sentieren Sie potenziellen K\u00e4ufern die Projekte von Kronberg [&hellip;]<\/p>\n","protected":false},"author":1,"featured_media":0,"parent":0,"menu_order":0,"comment_status":"closed","ping_status":"closed","template":"","meta":{"inline_featured_image":false,"footnotes":""},"class_list":["post-8094","page","type-page","status-publish","hentry"],"aioseo_notices":[],"_links":{"self":[{"href":"https:\/\/kronberg-eg.com\/de\/wp-json\/wp\/v2\/pages\/8094","targetHints":{"allow":["GET"]}}],"collection":[{"href":"https:\/\/kronberg-eg.com\/de\/wp-json\/wp\/v2\/pages"}],"about":[{"href":"https:\/\/kronberg-eg.com\/de\/wp-json\/wp\/v2\/types\/page"}],"author":[{"embeddable":true,"href":"https:\/\/kronberg-eg.com\/de\/wp-json\/wp\/v2\/users\/1"}],"replies":[{"embeddable":true,"href":"https:\/\/kronberg-eg.com\/de\/wp-json\/wp\/v2\/comments?post=8094"}],"version-history":[{"count":13,"href":"https:\/\/kronberg-eg.com\/de\/wp-json\/wp\/v2\/pages\/8094\/revisions"}],"predecessor-version":[{"id":8194,"href":"https:\/\/kronberg-eg.com\/de\/wp-json\/wp\/v2\/pages\/8094\/revisions\/8194"}],"wp:attachment":[{"href":"https:\/\/kronberg-eg.com\/de\/wp-json\/wp\/v2\/media?parent=8094"}],"curies":[{"name":"wp","href":"https:\/\/api.w.org\/{rel}","templated":true}]}}